{"id":33,"date":"2024-02-18T10:11:45","date_gmt":"2024-02-18T10:11:45","guid":{"rendered":"http:\/\/193.194.89.189\/lrpe_wp\/?page_id=33"},"modified":"2026-02-15T10:16:40","modified_gmt":"2026-02-15T10:16:40","slug":"modelisation-et-commandes-avancees-en-robotique-mcar","status":"publish","type":"page","link":"https:\/\/lrpe.usthb.dz\/index.php\/modelisation-et-commandes-avancees-en-robotique-mcar\/","title":{"rendered":"Mod\u00e9lisation et Commandes Avanc\u00e9es en Robotique (MCAR)"},"content":{"rendered":"\n<p>Chef d\u2019\u00e9quipe<\/p>\n\n\n\n<ul>\n<li>Pr FERGUENE Farid<\/li>\n<\/ul>\n\n\n\n<h3>Les membres<\/h3>\n\n\n\n<figure class=\"wp-block-table\"><table class=\"has-background\" style=\"background-color:#5454541c\"><tbody><tr><td><strong>Nom<\/strong><\/td><td><strong>Pr\u00e9nom<\/strong><\/td><td><strong>Grade<\/strong><\/td><\/tr><tr><td>FERGUENE<\/td><td>Farid<\/td><td>Professeur-Directeur de recherche<\/td><\/tr><tr><td>BOUDJEDIR<\/td><td>Chems Eddine<\/td><td>MCB<\/td><\/tr><tr><td>HABRACHE<\/td><td>Nouara<\/td><td>MCB<\/td><\/tr><tr><td>ACHOURI<\/td><td>Fouzia<\/td><td>MCB<\/td><\/tr><tr><td>DJEMAI<\/td><td>Mourad<\/td><td>MCB<\/td><\/tr><tr><td>MENANI<\/td><td>Karima<\/td><td>MAA<\/td><\/tr><tr><td>OUTAYEB<\/td><td>&nbsp;Mohamed Adel<\/td><td>MAA<\/td><\/tr><tr><td>NOURI<\/td><td>Fatima<\/td><td>Doctorante<\/td><\/tr><tr><td>TEGHRI<\/td><td>Zakaria<\/td><td>Doctorant&nbsp;<\/td><\/tr><tr><td>MITICHE<\/td><td>Nour<\/td><td>Doctorante<\/td><\/tr><tr><td>BENLOUNIS<\/td><td>Aberrahmane<\/td><td>Doctorant<\/td><\/tr><tr><td>DAHMOUNI<\/td><td>Lyes<\/td><td>Doctorant<\/td><\/tr><\/tbody><\/table><\/figure>\n\n\n\n<h1>Th\u00e9matiques de l\u2019Equipe 1<\/h1>\n\n\n\n<p>Mod\u00e9lisation des syst\u00e8mes robotiques,&nbsp; commandes bilat\u00e9rales, commandes hybrides force\/position, commandes robustes, commandes avanc\u00e9es, commandes intelligentes, asservissement visuel, t\u00e9l\u00e9 op\u00e9ration, robots distants, robots s\u00e9ries, robots parall\u00e8les, manipulateur mobile, la robotique industrielle, robotique m\u00e9dicale, robotique agricole, robotique de service.<\/p>\n\n\n\n<div class=\"wp-block-media-text alignwide is-stacked-on-mobile\" style=\"grid-template-columns:36% auto\"><figure class=\"wp-block-media-text__media\"><video controls src=\"http:\/\/193.194.89.189\/lrpe_wp\/wp-content\/uploads\/2024\/02\/teleoperation-2-3.mp4\"><\/video><\/figure><div class=\"wp-block-media-text__content\">\n<p><\/p>\n<\/div><\/div>\n\n\n\n<div class=\"wp-block-media-text alignwide is-stacked-on-mobile\" style=\"grid-template-columns:36% auto\"><figure class=\"wp-block-media-text__media\"><video controls src=\"http:\/\/193.194.89.189\/lrpe_wp\/wp-content\/uploads\/2024\/02\/Pendule-2-3.mp4\"><\/video><\/figure><div class=\"wp-block-media-text__content\">\n<p><\/p>\n<\/div><\/div>\n\n\n\n<p class=\"has-large-font-size\">Articles de cette rubrique<\/p>\n\n\n\n<p><a href=\"http:\/\/lrpe.usthb.dz\/index.php\/magisters\/\">Magisters<\/a><\/p>\n\n\n\n<p><a href=\"http:\/\/lrpe.usthb.dz\/index.php\/projets-de-recherche-internationaux-2\/\">Projets de Recherche Internationaux<\/a><\/p>\n\n\n\n<p><a href=\"http:\/\/lrpe.usthb.dz\/index.php\/projets-de-recherche-nationaux-cnepru-2\/\">Projets de Recherche Nationaux CNEPRU et PRFU<\/a><\/p>\n\n\n\n<p><a href=\"https:\/\/lrpe.usthb.dz\/index.php\/publications-et-communications-internationales-2\/\">Publications et Communications Internationales<\/a><\/p>\n\n\n\n<p><a href=\"http:\/\/lrpe.usthb.dz\/index.php\/publications-nationales\/\">Publications Nationales<\/a><\/p>\n\n\n\n<p><a href=\"http:\/\/lrpe.usthb.dz\/index.php\/call-for-papers-2\/\">Call For Papers<\/a><\/p>\n\n\n\n<h3><br>&nbsp;<\/h3>\n\n\n\n<h3><br><\/h3>\n","protected":false},"excerpt":{"rendered":"<p>Chef d\u2019\u00e9quipe Les membres Nom Pr\u00e9nom Grade FERGUENE Farid Professeur-Directeur de recherche BOUDJEDIR Chems Eddine MCB HABRACHE Nouara MCB ACHOURI Fouzia MCB DJEMAI Mourad MCB MENANI Karima MAA OUTAYEB &nbsp;Mohamed Adel MAA NOURI Fatima Doctorante TEGHRI Zakaria Doctorant&nbsp; MITICHE Nour <span class=\"readmore\"><a href=\"https:\/\/lrpe.usthb.dz\/index.php\/modelisation-et-commandes-avancees-en-robotique-mcar\/\">Continue Reading<\/a><\/span><\/p>\n","protected":false},"author":1,"featured_media":156,"parent":0,"menu_order":0,"comment_status":"closed","ping_status":"closed","template":"","meta":[],"_links":{"self":[{"href":"https:\/\/lrpe.usthb.dz\/index.php\/wp-json\/wp\/v2\/pages\/33"}],"collection":[{"href":"https:\/\/lrpe.usthb.dz\/index.php\/wp-json\/wp\/v2\/pages"}],"about":[{"href":"https:\/\/lrpe.usthb.dz\/index.php\/wp-json\/wp\/v2\/types\/page"}],"author":[{"embeddable":true,"href":"https:\/\/lrpe.usthb.dz\/index.php\/wp-json\/wp\/v2\/users\/1"}],"replies":[{"embeddable":true,"href":"https:\/\/lrpe.usthb.dz\/index.php\/wp-json\/wp\/v2\/comments?post=33"}],"version-history":[{"count":49,"href":"https:\/\/lrpe.usthb.dz\/index.php\/wp-json\/wp\/v2\/pages\/33\/revisions"}],"predecessor-version":[{"id":439,"href":"https:\/\/lrpe.usthb.dz\/index.php\/wp-json\/wp\/v2\/pages\/33\/revisions\/439"}],"wp:featuredmedia":[{"embeddable":true,"href":"https:\/\/lrpe.usthb.dz\/index.php\/wp-json\/wp\/v2\/media\/156"}],"wp:attachment":[{"href":"https:\/\/lrpe.usthb.dz\/index.php\/wp-json\/wp\/v2\/media?parent=33"}],"curies":[{"name":"wp","href":"https:\/\/api.w.org\/{rel}","templated":true}]}}