{"id":31,"date":"2024-02-18T10:09:46","date_gmt":"2024-02-18T10:09:46","guid":{"rendered":"http:\/\/193.194.89.189\/lrpe_wp\/?page_id=31"},"modified":"2026-02-15T10:41:40","modified_gmt":"2026-02-15T10:41:40","slug":"robotique-mobile-et-interfaces-homme-machine-rm-ihm","status":"publish","type":"page","link":"https:\/\/lrpe.usthb.dz\/index.php\/robotique-mobile-et-interfaces-homme-machine-rm-ihm\/","title":{"rendered":"Robotique Mobile et Interfaces Homme-Machine (RM-IHM)"},"content":{"rendered":"\n<p>Robotique mobile, IHM, Planification de mouvement, Commande, Fonctionnalit\u00e9s Robotiques, R\u00e9alit\u00e9 Virtuelle, R\u00e9alit\u00e9 Augment\u00e9e.<\/p>\n\n\n\n<p class=\"has-large-font-size\">Chef d\u2019\u00e9quipe<\/p>\n\n\n\n<p>Pr ACHOUR Nouara<\/p>\n\n\n\n<p class=\"has-large-font-size\">Les membres<\/p>\n\n\n\n<figure class=\"wp-block-table aligncenter is-style-regular\"><table class=\"has-background\" style=\"background-color:#5454541a\"><tbody><tr><td><strong>Nom<\/strong><\/td><td><strong>Pr\u00e9nom<\/strong><\/td><td><strong>Grade<\/strong><\/td><\/tr><tr><td>ACHOUR<\/td><td>Nouara<\/td><td>Directrice de recherche<\/td><\/tr><tr><td>BOURIACHI<\/td><td>Fares<\/td><td>MCA<\/td><\/tr><tr><td>BENRABAH<\/td><td>Mohamed<\/td><td>MCB<\/td><\/tr><tr><td>MAMOU<\/td><td>Mohamed Amine<\/td><td>MCB<\/td><\/tr><tr><td>CHAABNA<\/td><td>Ameur<\/td><td>MCB<\/td><\/tr><tr><td>DAOUDI<\/td><td>Abdelghani<\/td><td>MAA<\/td><\/tr><tr><td>MOBAREK<\/td><td>Ahmed Redha<\/td><td>Doctorant<\/td><\/tr><tr><td>LAKROUF<\/td><td>Mustapha<\/td><td>Doctorant<\/td><\/tr><tr><td>AMRANI<\/td><td>Mohamed Zine El Abidine<\/td><td>Doctorant<\/td><\/tr><tr><td>BOULANOIR<\/td><td>Abdelkader<\/td><td>Doctorant&nbsp;<\/td><\/tr><tr><td>CHIBANI<\/td><td>Djaber<\/td><td>Doctorant&nbsp;<\/td><\/tr><\/tbody><\/table><\/figure>\n\n\n\n<p class=\"has-large-font-size\">Th\u00e9matiques de l\u2019Equipe 5<\/p>\n\n\n\n<p>Robotique mobile, IHM, Planification de mouvement, Commande, Fonctionnalit\u00e9s Robotiques, R\u00e9alit\u00e9 Virtuelle, R\u00e9alit\u00e9 Augment\u00e9e.<\/p>\n\n\n\n<div class=\"wp-block-media-text alignwide is-stacked-on-mobile\" style=\"grid-template-columns:40% auto\"><figure class=\"wp-block-media-text__media\"><video controls src=\"http:\/\/193.194.89.189\/lrpe_wp\/wp-content\/uploads\/2024\/02\/MVI_0541-2.mov\"><\/video><\/figure><div class=\"wp-block-media-text__content\">\n<p><\/p>\n<\/div><\/div>\n\n\n\n<h2>Articles de cette rubrique<\/h2>\n\n\n\n<h6 class=\"has-normal-font-size\" style=\"font-style:normal;font-weight:400\"><a href=\"http:\/\/lrpe.usthb.dz\/index.php\/call-for-papers\/\">Call For P<\/a><a href=\"http:\/\/193.194.89.189\/lrpe_wp\/index.php\/call-for-papers\/\">apers<\/a><\/h6>\n\n\n\n<p class=\"has-normal-font-size\"><a href=\"http:\/\/193.194.89.189\/lrpe_wp\/index.php\/publications-et-communications-nationales\/\">Publications et Communications Nationales&nbsp;<\/a><\/p>\n\n\n\n<h3 class=\"has-normal-font-size\" style=\"font-style:normal;font-weight:400\"><a href=\"http:\/\/lrpe.usthb.dz\/index.php\/publications-et-communications-internationales\/\">Publications et Communications Internationales&nbsp;<\/a><\/h3>\n\n\n\n<h3 class=\"has-normal-font-size\" style=\"font-style:normal;font-weight:400\"><a href=\"http:\/\/lrpe.usthb.dz\/index.php\/projets-de-recherche-nationaux-cnepru\/\">Projets de Recherche Nationaux CNEPRU&nbsp;<\/a><\/h3>\n\n\n\n<p><a href=\"http:\/\/lrpe.usthb.dz\/index.php\/projets-de-recherche-nationaux-prfu\/\">Projets de Recherche Nationaux PRFU&nbsp;<\/a><\/p>\n\n\n\n<h3 style=\"font-style:normal;font-weight:400\"><a href=\"http:\/\/lrpe.usthb.dz\/index.php\/projets-de-recherche-internationaux\/\">Projets de Recherche Internationaux<\/a><\/h3>\n","protected":false},"excerpt":{"rendered":"<p>Robotique mobile, IHM, Planification de mouvement, Commande, Fonctionnalit\u00e9s Robotiques, R\u00e9alit\u00e9 Virtuelle, R\u00e9alit\u00e9 Augment\u00e9e. Chef d\u2019\u00e9quipe Pr ACHOUR Nouara Les membres Nom Pr\u00e9nom Grade ACHOUR Nouara Directrice de recherche BOURIACHI Fares MCA BENRABAH Mohamed MCB MAMOU Mohamed Amine MCB CHAABNA Ameur <span class=\"readmore\"><a href=\"https:\/\/lrpe.usthb.dz\/index.php\/robotique-mobile-et-interfaces-homme-machine-rm-ihm\/\">Continue Reading<\/a><\/span><\/p>\n","protected":false},"author":1,"featured_media":82,"parent":0,"menu_order":0,"comment_status":"closed","ping_status":"closed","template":"","meta":[],"_links":{"self":[{"href":"https:\/\/lrpe.usthb.dz\/index.php\/wp-json\/wp\/v2\/pages\/31"}],"collection":[{"href":"https:\/\/lrpe.usthb.dz\/index.php\/wp-json\/wp\/v2\/pages"}],"about":[{"href":"https:\/\/lrpe.usthb.dz\/index.php\/wp-json\/wp\/v2\/types\/page"}],"author":[{"embeddable":true,"href":"https:\/\/lrpe.usthb.dz\/index.php\/wp-json\/wp\/v2\/users\/1"}],"replies":[{"embeddable":true,"href":"https:\/\/lrpe.usthb.dz\/index.php\/wp-json\/wp\/v2\/comments?post=31"}],"version-history":[{"count":49,"href":"https:\/\/lrpe.usthb.dz\/index.php\/wp-json\/wp\/v2\/pages\/31\/revisions"}],"predecessor-version":[{"id":450,"href":"https:\/\/lrpe.usthb.dz\/index.php\/wp-json\/wp\/v2\/pages\/31\/revisions\/450"}],"wp:featuredmedia":[{"embeddable":true,"href":"https:\/\/lrpe.usthb.dz\/index.php\/wp-json\/wp\/v2\/media\/82"}],"wp:attachment":[{"href":"https:\/\/lrpe.usthb.dz\/index.php\/wp-json\/wp\/v2\/media?parent=31"}],"curies":[{"name":"wp","href":"https:\/\/api.w.org\/{rel}","templated":true}]}}