{"id":29,"date":"2024-02-18T10:06:51","date_gmt":"2024-02-18T10:06:51","guid":{"rendered":"http:\/\/193.194.89.189\/lrpe_wp\/?page_id=29"},"modified":"2026-02-15T10:27:07","modified_gmt":"2026-02-15T10:27:07","slug":"systemes-embarques-se","status":"publish","type":"page","link":"https:\/\/lrpe.usthb.dz\/index.php\/systemes-embarques-se\/","title":{"rendered":"Syst\u00e8mes Embarqu\u00e9s (SE)"},"content":{"rendered":"\n<h3>Chef d\u2019\u00e9quipe<\/h3>\n\n\n\n<ul>\n<li>Pr BABA-ALI Ahmed Riadh<\/li>\n<\/ul>\n\n\n\n<h3>Les membres<\/h3>\n\n\n\n<figure class=\"wp-block-table is-style-regular has-normal-font-size\"><table class=\"has-background\" style=\"background-color:#5454541c\"><tbody><tr><td><strong>Nom<\/strong><\/td><td><strong>Pr\u00e9nom<\/strong><\/td><td><strong>Grade<\/strong><\/td><\/tr><tr><td>BABA-ALI<\/td><td>Ahmed Riadh<\/td><td>Professeur- Directeur de recherche<\/td><\/tr><tr><td>CHEKIR<\/td><td>Amira<\/td><td>MCA<\/td><\/tr><tr><td>MAHANNI<\/td><td>Aouatif<\/td><td>MCB<\/td><\/tr><tr><td>TAIBI<\/td><td>Mohamed<\/td><td>MCB<\/td><\/tr><tr><td>MADI<\/td><td>Sarah<\/td><td>MCB<\/td><\/tr><tr><td>ABOU MSABAH<\/td><td>Slimane<\/td><td>Doctorante&nbsp;<\/td><\/tr><tr><td>AGHA<\/td><td>Nabila<\/td><td>Doctorante&nbsp;<\/td><\/tr><\/tbody><\/table><\/figure>\n\n\n\n<h3>Th\u00e9matiques de l\u2019Equipe 4<\/h3>\n\n\n\n<p>Architecture et Contr\u00f4leurs, Contr\u00f4leurs de R\u00e9seaux TCP\/IP, Algorithmes de Contr\u00f4le et Classificateurs, Int\u00e9lligence Artificielle pour le Param\u00e9trage d\u2019Algorithmes.<\/p>\n\n\n\n<h2>Articles de cette rubrique<\/h2>\n\n\n\n<p><a href=\"http:\/\/lrpe.usthb.dz\/index.php\/call-for-papers-4\/\">Call For Papers<\/a><\/p>\n\n\n\n<p><a href=\"http:\/\/lrpe.usthb.dz\/index.php\/publications-nationales-2012-2014\/\">Publications Nationales (2012-2014)<\/a><\/p>\n\n\n\n<p><a href=\"http:\/\/lrpe.usthb.dz\/index.php\/publications-et-communications-internationales-4\/\">Publications et communications Internationales<\/a><\/p>\n\n\n\n<p><a href=\"http:\/\/lrpe.usthb.dz\/index.php\/projets-de-recherche-nationaux-cnepru-4\/\">Projets de Recherche Nationaux CNEPRU<\/a><\/p>\n\n\n\n<p><a href=\"http:\/\/lrpe.usthb.dz\/index.php\/projets-de-recherche-internationaux-4\/\">Projets de Recherche Internationaux<\/a><\/p>\n\n\n\n<p><\/p>\n","protected":false},"excerpt":{"rendered":"<p>Chef d\u2019\u00e9quipe Les membres Nom Pr\u00e9nom Grade BABA-ALI Ahmed Riadh Professeur- Directeur de recherche CHEKIR Amira MCA MAHANNI Aouatif MCB TAIBI Mohamed MCB MADI Sarah MCB ABOU MSABAH Slimane Doctorante&nbsp; AGHA Nabila Doctorante&nbsp; Th\u00e9matiques de l\u2019Equipe 4 Architecture et Contr\u00f4leurs, <span class=\"readmore\"><a href=\"https:\/\/lrpe.usthb.dz\/index.php\/systemes-embarques-se\/\">Continue Reading<\/a><\/span><\/p>\n","protected":false},"author":1,"featured_media":374,"parent":0,"menu_order":0,"comment_status":"closed","ping_status":"closed","template":"","meta":[],"_links":{"self":[{"href":"https:\/\/lrpe.usthb.dz\/index.php\/wp-json\/wp\/v2\/pages\/29"}],"collection":[{"href":"https:\/\/lrpe.usthb.dz\/index.php\/wp-json\/wp\/v2\/pages"}],"about":[{"href":"https:\/\/lrpe.usthb.dz\/index.php\/wp-json\/wp\/v2\/types\/page"}],"author":[{"embeddable":true,"href":"https:\/\/lrpe.usthb.dz\/index.php\/wp-json\/wp\/v2\/users\/1"}],"replies":[{"embeddable":true,"href":"https:\/\/lrpe.usthb.dz\/index.php\/wp-json\/wp\/v2\/comments?post=29"}],"version-history":[{"count":19,"href":"https:\/\/lrpe.usthb.dz\/index.php\/wp-json\/wp\/v2\/pages\/29\/revisions"}],"predecessor-version":[{"id":445,"href":"https:\/\/lrpe.usthb.dz\/index.php\/wp-json\/wp\/v2\/pages\/29\/revisions\/445"}],"wp:featuredmedia":[{"embeddable":true,"href":"https:\/\/lrpe.usthb.dz\/index.php\/wp-json\/wp\/v2\/media\/374"}],"wp:attachment":[{"href":"https:\/\/lrpe.usthb.dz\/index.php\/wp-json\/wp\/v2\/media?parent=29"}],"curies":[{"name":"wp","href":"https:\/\/api.w.org\/{rel}","templated":true}]}}