{"id":26,"date":"2024-02-18T10:03:50","date_gmt":"2024-02-18T10:03:50","guid":{"rendered":"http:\/\/193.194.89.189\/lrpe_wp\/?page_id=26"},"modified":"2026-02-15T10:22:11","modified_gmt":"2026-02-15T10:22:11","slug":"robotique-et-systemes-intelligents-rsi","status":"publish","type":"page","link":"https:\/\/lrpe.usthb.dz\/index.php\/robotique-et-systemes-intelligents-rsi\/","title":{"rendered":"Robotique et Syst\u00e8mes Intelligents (RSI)"},"content":{"rendered":"\n<h3>Chef d\u2019\u00e9quipe<\/h3>\n\n\n\n<ul>\n<li>Dr MAZIGHI Khaled<\/li>\n<\/ul>\n\n\n\n<h3>Les membres<\/h3>\n\n\n\n<figure class=\"wp-block-table\"><table class=\"has-background\" style=\"background-color:#54545430\"><tbody><tr><td><strong>Nom<\/strong><\/td><td><strong>Pr\u00e9nom<\/strong><\/td><td><strong>Grade<\/strong><\/td><\/tr><tr><td>MAZIGHI<\/td><td>Khaled<\/td><td>MCA-Directeur de recherche<\/td><\/tr><tr><td>SAADIA<\/td><td>Nadia<\/td><td>Professeur&nbsp;<\/td><\/tr><tr><td>MANSOUR<\/td><td>Moufid<\/td><td>Professeur<\/td><\/tr><tr><td>BOUDOUANE<\/td><td>Isma<\/td><td>MCB<\/td><\/tr><tr><td>SABRI<\/td><td>Nassim<\/td><td>MCB<\/td><\/tr><tr><td>DJELAL<\/td><td>Nacereddine<\/td><td>MCB<\/td><\/tr><tr><td>MAKHLOUF<\/td><td>Amina<\/td><td>MCB<\/td><\/tr><tr><td>MECHAT<\/td><td>Nabil<\/td><td>MAA<\/td><\/tr><tr><td>BOUGCHICHE<\/td><td>Fazia<\/td><td>Doctorante<\/td><\/tr><tr><td>DJAIL<\/td><td>Farid<\/td><td>Doctorant<\/td><\/tr><tr><td>KENAS<\/td><td>Farid<\/td><td>Doctorant<\/td><\/tr><tr><td>ABANOU<\/td><td>Hecene<\/td><td>Doctorant&nbsp;<\/td><\/tr><tr><td>MAINCER<\/td><td>DIHYA<\/td><td>Doctorante&nbsp;<\/td><\/tr><tr><td>HAMOUCHENE<\/td><td>Anya<\/td><td>Doctorante<\/td><\/tr><tr><td>HAMADI<\/td><td>Azeddine<\/td><td>Doctorant<\/td><\/tr><\/tbody><\/table><\/figure>\n\n\n\n<h3>Th\u00e9matiques de l\u2019Equipe 2<\/h3>\n\n\n\n<p>Robotique m\u00e9dicale, R\u00e9habilitation fonctionnelle, Commande, Syst\u00e8mes complexes, Drone, Optimisation \u00e9nerg\u00e9tique, Syst\u00e8mes multimodales.<\/p>\n\n\n\n<figure class=\"wp-block-video\"><video controls src=\"https:\/\/lrpe.usthb.dz\/wp-content\/uploads\/2024\/07\/systeme-reeducation-genoux.mp4\"><\/video><\/figure>\n\n\n\n<h2>Articles de cette rubrique<\/h2>\n\n\n\n<p><a href=\"http:\/\/lrpe.usthb.dz\/index.php\/call-for-papers-3\/\">Call For Papers<\/a><\/p>\n\n\n\n<p><a href=\"http:\/\/lrpe.usthb.dz\/index.php\/publications-et-communications-nationales-2\/\">Publications et Communications Nationales<\/a><\/p>\n\n\n\n<p><a href=\"http:\/\/lrpe.usthb.dz\/index.php\/publications-et-communications-internationales-3\/\">Publications et Communications Internationales<\/a><\/p>\n\n\n\n<p><a href=\"http:\/\/lrpe.usthb.dz\/index.php\/projets-de-recherche-nationaux-cnepru-3\/\">Projets de Recherche Nationaux CNEPRU<\/a><\/p>\n\n\n\n<p><a href=\"http:\/\/lrpe.usthb.dz\/index.php\/projets-de-recherche-internationaux-3\/\">Projets de Recherche Internationaux<\/a><\/p>\n\n\n\n<p><a href=\"http:\/\/lrpe.usthb.dz\/index.php\/magisters-et-masters\/\">Magisters et Masters<\/a><\/p>\n\n\n\n<p><a href=\"http:\/\/lrpe.usthb.dz\/index.php\/brevets-dinventions\/\">Brevets d\u2019inventions<\/a><\/p>\n\n\n\n<p><\/p>\n","protected":false},"excerpt":{"rendered":"<p>Chef d\u2019\u00e9quipe Les membres Nom Pr\u00e9nom Grade MAZIGHI Khaled MCA-Directeur de recherche SAADIA Nadia Professeur&nbsp; MANSOUR Moufid Professeur BOUDOUANE Isma MCB SABRI Nassim MCB DJELAL Nacereddine MCB MAKHLOUF Amina MCB MECHAT Nabil MAA BOUGCHICHE Fazia Doctorante DJAIL Farid Doctorant KENAS <span class=\"readmore\"><a href=\"https:\/\/lrpe.usthb.dz\/index.php\/robotique-et-systemes-intelligents-rsi\/\">Continue Reading<\/a><\/span><\/p>\n","protected":false},"author":1,"featured_media":383,"parent":0,"menu_order":0,"comment_status":"closed","ping_status":"closed","template":"","meta":[],"_links":{"self":[{"href":"https:\/\/lrpe.usthb.dz\/index.php\/wp-json\/wp\/v2\/pages\/26"}],"collection":[{"href":"https:\/\/lrpe.usthb.dz\/index.php\/wp-json\/wp\/v2\/pages"}],"about":[{"href":"https:\/\/lrpe.usthb.dz\/index.php\/wp-json\/wp\/v2\/types\/page"}],"author":[{"embeddable":true,"href":"https:\/\/lrpe.usthb.dz\/index.php\/wp-json\/wp\/v2\/users\/1"}],"replies":[{"embeddable":true,"href":"https:\/\/lrpe.usthb.dz\/index.php\/wp-json\/wp\/v2\/comments?post=26"}],"version-history":[{"count":24,"href":"https:\/\/lrpe.usthb.dz\/index.php\/wp-json\/wp\/v2\/pages\/26\/revisions"}],"predecessor-version":[{"id":442,"href":"https:\/\/lrpe.usthb.dz\/index.php\/wp-json\/wp\/v2\/pages\/26\/revisions\/442"}],"wp:featuredmedia":[{"embeddable":true,"href":"https:\/\/lrpe.usthb.dz\/index.php\/wp-json\/wp\/v2\/media\/383"}],"wp:attachment":[{"href":"https:\/\/lrpe.usthb.dz\/index.php\/wp-json\/wp\/v2\/media?parent=26"}],"curies":[{"name":"wp","href":"https:\/\/api.w.org\/{rel}","templated":true}]}}