{"id":17,"date":"2024-02-18T09:01:39","date_gmt":"2024-02-18T09:01:39","guid":{"rendered":"http:\/\/193.194.89.189\/lrpe_wp\/?page_id=17"},"modified":"2025-04-09T12:48:50","modified_gmt":"2025-04-09T12:48:50","slug":"equipes-de-recherche","status":"publish","type":"page","link":"https:\/\/lrpe.usthb.dz\/index.php\/equipes-de-recherche\/","title":{"rendered":"Equipes de recherche"},"content":{"rendered":"\n<p><a href=\"https:\/\/lrpe.usthb.dz\/index.php\/modelisation-et-commandes-avancees-en-robotique-mcar\/\">Mod\u00e9lisation et Commandes Avanc\u00e9es en Robotique (MCAR)<\/a><\/p>\n\n\n\n<p><a href=\"https:\/\/lrpe.usthb.dz\/index.php\/robotique-et-systemes-intelligents-rsi\/\">Robotique et Syst\u00e8mes Intelligents (RSI)<\/a><\/p>\n\n\n\n<p><a href=\"https:\/\/lrpe.usthb.dz\/index.php\/systemes-embarques-se\/\">Syst\u00e8mes Embarqu\u00e9s (SE)<\/a><\/p>\n\n\n\n<p><a href=\"https:\/\/lrpe.usthb.dz\/index.php\/robotique-mobile-et-interfaces-homme-machine-rm-ihm\/\">Robotique Mobile et Interfaces Homme-Machine (RM-IHM)<\/a><\/p>\n","protected":false},"excerpt":{"rendered":"<p>Mod\u00e9lisation et Commandes Avanc\u00e9es en Robotique (MCAR) Robotique et Syst\u00e8mes Intelligents (RSI) Syst\u00e8mes Embarqu\u00e9s (SE) Robotique Mobile et Interfaces Homme-Machine (RM-IHM)<\/p>\n","protected":false},"author":1,"featured_media":0,"parent":0,"menu_order":0,"comment_status":"closed","ping_status":"closed","template":"","meta":[],"_links":{"self":[{"href":"https:\/\/lrpe.usthb.dz\/index.php\/wp-json\/wp\/v2\/pages\/17"}],"collection":[{"href":"https:\/\/lrpe.usthb.dz\/index.php\/wp-json\/wp\/v2\/pages"}],"about":[{"href":"https:\/\/lrpe.usthb.dz\/index.php\/wp-json\/wp\/v2\/types\/page"}],"author":[{"embeddable":true,"href":"https:\/\/lrpe.usthb.dz\/index.php\/wp-json\/wp\/v2\/users\/1"}],"replies":[{"embeddable":true,"href":"https:\/\/lrpe.usthb.dz\/index.php\/wp-json\/wp\/v2\/comments?post=17"}],"version-history":[{"count":9,"href":"https:\/\/lrpe.usthb.dz\/index.php\/wp-json\/wp\/v2\/pages\/17\/revisions"}],"predecessor-version":[{"id":408,"href":"https:\/\/lrpe.usthb.dz\/index.php\/wp-json\/wp\/v2\/pages\/17\/revisions\/408"}],"wp:attachment":[{"href":"https:\/\/lrpe.usthb.dz\/index.php\/wp-json\/wp\/v2\/media?parent=17"}],"curies":[{"name":"wp","href":"https:\/\/api.w.org\/{rel}","templated":true}]}}